{"id":1989,"date":"2023-06-06T02:52:55","date_gmt":"2023-06-06T02:52:55","guid":{"rendered":"https:\/\/sigir.org\/sigir2023\/?page_id=1989"},"modified":"2023-06-16T08:44:42","modified_gmt":"2023-06-16T08:44:42","slug":"demo-papers","status":"publish","type":"page","link":"https:\/\/sigir.org\/sigir2023\/program\/accepted-papers\/demo-papers\/","title":{"rendered":"Demo papers"},"content":{"rendered":"<div id='full_slider_1'  class='avia-fullwidth-slider main_color avia-shadow   avia-builder-el-0  el_before_av_section  avia-builder-el-first   container_wrap sidebar_right'  >\n<style type=\"text\/css\" data-created_by=\"avia_inline_auto\" id=\"style-css-av-l96qjn6c-1741c8d27e9fc182ecd0f05e501bb522\">\n#top #wrap_all .avia-slideshow .av-slideshow-caption.av-l96qjn6c-1741c8d27e9fc182ecd0f05e501bb522__0 .avia-caption-title{\nfont-size:45px;\n}\n#top .avia-slideshow .av-slideshow-caption.av-l96qjn6c-1741c8d27e9fc182ecd0f05e501bb522__0 .avia-caption-content{\nfont-size:25px;\n}\n#top .avia-slideshow .av-slideshow-caption.av-l96qjn6c-1741c8d27e9fc182ecd0f05e501bb522__0 .avia-caption-content p{\nfont-size:25px;\n}\n\n@media only screen and (max-width: 479px){ \n#top #wrap_all .avia-slideshow .av-slideshow-caption.av-l96qjn6c-1741c8d27e9fc182ecd0f05e501bb522__0 .avia-caption-title{\nfont-size:30px;\n}\n}\n<\/style>\n<div  class='avia-slideshow av-l96qjn6c-1741c8d27e9fc182ecd0f05e501bb522 av-control-default avia-slideshow-no scaling av_slideshow_full avia-slide-slider av-default-height-applied   avia-slideshow-1'  data-size='no scaling'  data-lightbox_size='large'  data-animation='slide'  data-conditional_play=''  data-ids='1803'  data-video_counter='0'  data-autoplay='false'  data-bg_slider='false'  data-slide_height=''  data-handle='av_slideshow_full'  data-interval='5'  data-class=''  data-extra_class=' '  data-el_id=''  data-css_id=''  data-scroll_down=''  data-control_layout='av-control-default'  data-custom_markup=''  data-perma_caption=''  data-autoplay_stopper=''  data-image_attachment=''  data-min_height='200px'  data-lazy_loading='disabled'  data-default-height='38.072916666667'  data-stretch=''  data-src=''  data-position='top left'  data-repeat='no-repeat'  data-attach='scroll'  data-img_scrset=''  data-av-desktop-hide=''  data-av-medium-hide=''  data-av-small-hide=''  data-av-mini-hide=''  data-id=''  data-custom_class=''  data-template_class=''  data-av_uid='av-l96qjn6c'  data-sc_version='1.0'  data-heading_tag=''  data-heading_class=''  data-min_width='526px'   itemprop=\"image\" itemscope=\"itemscope\" itemtype=\"https:\/\/schema.org\/ImageObject\" ><ul class='avia-slideshow-inner ' style='padding-bottom: 38.072916666667%;'><li  class='avia-slideshow-slide av-l96qjn6c-1741c8d27e9fc182ecd0f05e501bb522__0  av-single-slide slide-1 ' ><div data-rel='slideshow-1' class='avia-slide-wrap '   ><div class='av-slideshow-caption av-l96qjn6c-1741c8d27e9fc182ecd0f05e501bb522__0 caption_fullwidth caption_center'><div class=\"container caption_container\"><div class=\"slideshow_caption\"><div class=\"slideshow_inner_caption\"><div class=\"slideshow_align_caption\"><h2 class='avia-caption-title '  itemprop=\"name\" >Demo papers<\/h2><\/div><\/div><\/div><\/div><\/div><img decoding=\"async\" class=\"wp-image-1803 avia-img-lazy-loading-not-1803\"  src=\"https:\/\/sigir.org\/sigir2023\/wp-content\/uploads\/2023\/05\/\u967d\u660e\u5c711.jpg\" width=\"1920\" height=\"731\" title='\u967d\u660e\u5c711' alt=''  itemprop=\"thumbnailUrl\"  style='min-height:200px; min-width:526px; ' srcset=\"https:\/\/sigir.org\/sigir2023\/wp-content\/uploads\/2023\/05\/\u967d\u660e\u5c711.jpg 1920w, https:\/\/sigir.org\/sigir2023\/wp-content\/uploads\/2023\/05\/\u967d\u660e\u5c711-300x114.jpg 300w, https:\/\/sigir.org\/sigir2023\/wp-content\/uploads\/2023\/05\/\u967d\u660e\u5c711-1030x392.jpg 1030w, https:\/\/sigir.org\/sigir2023\/wp-content\/uploads\/2023\/05\/\u967d\u660e\u5c711-768x292.jpg 768w, https:\/\/sigir.org\/sigir2023\/wp-content\/uploads\/2023\/05\/\u967d\u660e\u5c711-1536x585.jpg 1536w, https:\/\/sigir.org\/sigir2023\/wp-content\/uploads\/2023\/05\/\u967d\u660e\u5c711-1500x571.jpg 1500w, https:\/\/sigir.org\/sigir2023\/wp-content\/uploads\/2023\/05\/\u967d\u660e\u5c711-705x268.jpg 705w, https:\/\/sigir.org\/sigir2023\/wp-content\/uploads\/2023\/05\/\u967d\u660e\u5c711-845x321.jpg 845w\" sizes=\"(max-width: 1920px) 100vw, 1920px\" \/><div class='av-section-color-overlay' style='opacity: 0.3; background-color: #000000; '><\/div><\/div><\/li><\/ul><\/div><\/div>\n<div id='av_section_1'  class='avia-section av-54kf2d-025f2ce72b0c1c447935baf5ac15ef05 main_color avia-section-default avia-no-border-styling  avia-builder-el-1  el_after_av_slideshow_full  avia-builder-el-last  avia-bg-style-scroll container_wrap sidebar_right'  ><div class='container av-section-cont-open' ><div class='template-page content  av-content-small alpha units'><div class='post-entry post-entry-type-page post-entry-1989'><div class='entry-content-wrapper clearfix'>\n\n<style type=\"text\/css\" data-created_by=\"avia_inline_auto\" id=\"style-css-av-4uvp1x-a8dc1c1256e2114ba2042ee977f2d085\">\n.flex_column.av-4uvp1x-a8dc1c1256e2114ba2042ee977f2d085{\npadding:0 40px 0 40px;\n}\n<\/style>\n<div class='flex_column av-4uvp1x-a8dc1c1256e2114ba2042ee977f2d085 av_one_full  avia-builder-el-2  avia-builder-el-no-sibling  first flex_column_div '   ><p>\n<style type=\"text\/css\" data-created_by=\"avia_inline_auto\" id=\"style-css-av-1v4vph-266dbee049d2caa183e58216c34e34fb\">\n#top .hr.hr-invisible.av-1v4vph-266dbee049d2caa183e58216c34e34fb{\nmargin-top:-10px;\nheight:1px;\n}\n<\/style>\n<div  class='hr av-1v4vph-266dbee049d2caa183e58216c34e34fb hr-invisible  avia-builder-el-3  el_before_av_textblock  avia-builder-el-first  av-small-hide av-mini-hide'><span class='hr-inner '><span class=\"hr-inner-style\"><\/span><\/span><\/div><br \/>\n<section  class='av_textblock_section av-lijpzcho-cc39d2223dacf64a105050ed922115cc'  itemscope=\"itemscope\" itemtype=\"https:\/\/schema.org\/CreativeWork\" ><div class='avia_textblock text_justify'  itemprop=\"text\" ><p><strong>\u25cf LibVQ: A Toolkit For Optimizing Vector Quantization And Efficient Neural Retrieval<\/strong><br \/>\nChaofan Li, Zheng Liu, Shitao Xiao, Yingxia Shao, Defu Lian, Zhao Cao<\/p>\n<p><strong>\u25cf A Preference Judgment Tool for Authoritative Assessment<\/strong><br \/>\nMahsa Seifikar, Linh Nhi Phan Minh, Negar Arabzadeh, Charles L. A. Clarke, Mark D. Smucker<\/p>\n<p><strong>\u25cf VoMBaT: A Tool for Visualising Evaluation Measure Behaviour in High-Recall Search Tasks<\/strong><br \/>\nWojciech Kusa, Aldo Lipani, Petr Knoth, Allan Hanbury<\/p>\n<p><strong>\u25cf Searching the ACL Anthology with Math Formulas and Text<\/strong><br \/>\nBryan Amador, Matt Langsenkamp, Abhisek Dey, Ayush Kumar Shah, Richard Zanibbi<\/p>\n<p><strong>\u25cf One Stop Shop for Question-Answering Dataset Selection<\/strong><br \/>\nChang Nian Chuy, Chen Ding, Qinmin Vivian Hu<\/p>\n<p><strong>\u25cf Tevatron: An Efficient and Flexible Toolkit for Neural Retrieval<\/strong><br \/>\nLuyu Gao, Xueguang Ma, Jimmy Lin, Jamie Callan<\/p>\n<p><strong>\u25cf Profiling and Visualizing Dynamic Pruning Algorithms<\/strong><br \/>\nZhixuan Li, Joel Mackenzie<\/p>\n<p><strong>\u25cf MetroScope: An Advanced System for Real-Time Detection and Analysis of Metro-Related Threats and Events via Twitter<\/strong><br \/>\nJianfeng He, Syuan-Ying Wu, Abdulaziz Alhamadani, Chih-Fang Chen, Wen-Fang Lu, Chang-Tien Lu, David Solnick, Yanlin Li<\/p>\n<p><strong>\u25cf SciHarvester: Searching Scientific Documents for Numerical Values<\/strong><br \/>\nMaciej Rybinski, Stephen Wan, Sarvnaz Karimi, Cecile Paris, Brian Jin, Neil Huth, Peter Thorburn, Dean Holzworth<\/p>\n<p><strong>\u25cf NeuralKG-ind: A Python Library for Inductive Knowledge Graph Representation Learning<\/strong><br \/>\nWen Zhang, Zhen Yao, Mingyang Chen, Zhiwei Huang, Huajun Chen<\/p>\n<p><strong>\u25cf AMICA: Alleviating Misinformation for Chinese Americans<\/strong><br \/>\nXiaoxiao Shang, Ye Chen, Yi Fang, Yuhong Liu, Subramaniam Vincent<\/p>\n<p><strong>\u25cf PEPO: Petition Executing Processing Optimizer Based on Natural Language Processing<\/strong><br \/>\nYin-Wei Chiu, Hsiao-Ching Huang, Cheng-Ju Lee, Hsun-Ping Hsieh<\/p>\n<p><strong>\u25cf HeteroCS: A Heterogeneous Community Search System With Semantic Explanation<\/strong><br \/>\nWeibin Cai, Fanwei Zhu, Zemin Liu, Minghui Wu<\/p>\n<p><strong>\u25cf OpenMatch-v2: An All-in-one Multi-Modality PLM-based Information Retrieval Toolkit<\/strong><br \/>\nShi Yu, Zhenghao Liu, Chenyan Xiong, Zhiyuan Liu<\/p>\n<p><strong>\u25cf FairUP: a Framework for Fairness Analysis of Graph Neural Network-Based User Profiling Models<\/strong><br \/>\nMohamed Abdelrazek, Erasmo Purificato, Ludovico Boratto, Ernesto William De Luca<\/p>\n<p><strong>\u25cf Tahaqqaq: A Real-Time System for Assisting Twitter Users in Arabic Claim Verification<\/strong><br \/>\nZien Sheikh Ali, Watheq Mansour, Fatima Haouari, Maram Hasanain, Tamer Elsayed, Abdulaziz Al-Ali<\/p>\n<p><strong>\u25cf SEA: A Scalable Entity Alignment System<\/strong><br \/>\nJunyang Wu, Tianyi Li, Lu Chen, Yunjun Gao, Ziheng Wei<\/p>\n<p><strong>\u25cf A Retrieval System for Images and Videos based on Aesthetic Assessment of Visuals<\/strong><br \/>\nDaniel Vera Nieto, Saikishore Kalloori, Fabio Zund, Clara Fernandez Labrador, Marc Willhaus, Severin Klingler, Markus Gross<\/p>\n<p><strong>\u25cf XPMIR: A Modular Library for Learning to Rank and Neural IR experiments<\/strong><br \/>\nYuxuan Zong, Benjamin Piwowarski<\/p>\n<p><strong>\u25cf pybool_ir: A Toolkit for Domain-Specific Search Experiments<\/strong><br \/>\nHarrisen Scells, Martin Potthast<\/p>\n<p><strong>\u25cf TIB AV-Analytics: A Web-based Platform for Scholarly Video Analysis and Film Studies<\/strong><br \/>\nMatthias Springstein, Markos Stamatakis, Margret Plank, Julian Sittel, Roman Mauer, Oksana Bulgakowa, Ralph Ewerth, Eric M\u00fcller-Budack<\/p>\n<p><strong>\u25cf SONAR: Web-based Tool for Multimodal Exploration of Non-Fungible Token Inspiration Networks<\/strong><br \/>\nLucio La Cava, Davide Costa, Andrea Tagarelli<\/p>\n<p><strong>\u25cf Searching for Reliable Facts over a Medical Knowledge Base<\/strong><br \/>\nFabio Giachelle, Stefano Marchesin, Gianmaria Silvello, Omar Alonso<\/p>\n<p><strong>\u25cf ranxhub: An Online Repository for Information Retrieval Runs<\/strong><br \/>\nElias Bassani<\/p>\n<p><strong>\u25cf Podify: A Podcast Streaming Platform with Automatic Logging of User Behaviour for Academic Research<\/strong><br \/>\nFrancesco Meggetto, Yashar Moshfeghi<\/p>\n<p><strong>\u25cf Exploratory Visualization Tool for the Continuous Evaluation of Information Retrieval Systems<\/strong><br \/>\nGabriela Gonz\u00e1lez-S\u00e1ez, Petra Galusc\u00e1kov\u00e1, Romain Deveaud, Lorraine Goeuriot, Philippe Mulhem<\/p>\n<\/div><\/section><\/p><\/div><\/div><\/div><\/div><!-- close content main div --><\/div><\/div><div id='after_section_1'  class='main_color av_default_container_wrap container_wrap sidebar_right'  ><div class='container av-section-cont-open' ><div class='template-page content  av-content-small alpha units'><div class='post-entry post-entry-type-page post-entry-1989'><div class='entry-content-wrapper clearfix'>\n","protected":false},"excerpt":{"rendered":"","protected":false},"author":4,"featured_media":0,"parent":1979,"menu_order":0,"comment_status":"closed","ping_status":"closed","template":"","meta":{"footnotes":""},"class_list":["post-1989","page","type-page","status-publish","hentry"],"_links":{"self":[{"href":"https:\/\/sigir.org\/sigir2023\/wp-json\/wp\/v2\/pages\/1989","targetHints":{"allow":["GET"]}}],"collection":[{"href":"https:\/\/sigir.org\/sigir2023\/wp-json\/wp\/v2\/pages"}],"about":[{"href":"https:\/\/sigir.org\/sigir2023\/wp-json\/wp\/v2\/types\/page"}],"author":[{"embeddable":true,"href":"https:\/\/sigir.org\/sigir2023\/wp-json\/wp\/v2\/users\/4"}],"replies":[{"embeddable":true,"href":"https:\/\/sigir.org\/sigir2023\/wp-json\/wp\/v2\/comments?post=1989"}],"version-history":[{"count":5,"href":"https:\/\/sigir.org\/sigir2023\/wp-json\/wp\/v2\/pages\/1989\/revisions"}],"predecessor-version":[{"id":2082,"href":"https:\/\/sigir.org\/sigir2023\/wp-json\/wp\/v2\/pages\/1989\/revisions\/2082"}],"up":[{"embeddable":true,"href":"https:\/\/sigir.org\/sigir2023\/wp-json\/wp\/v2\/pages\/1979"}],"wp:attachment":[{"href":"https:\/\/sigir.org\/sigir2023\/wp-json\/wp\/v2\/media?parent=1989"}],"curies":[{"name":"wp","href":"https:\/\/api.w.org\/{rel}","templated":true}]}}